{"id":8170,"date":"2022-12-08T21:10:01","date_gmt":"2022-12-08T12:10:01","guid":{"rendered":"http:\/\/sasaduka.com\/blog\/?page_id=8170"},"modified":"2022-12-09T07:55:51","modified_gmt":"2022-12-08T22:55:51","slug":"%e3%81%82%e3%81%aa%e3%81%9f%e3%81%af%e5%a5%87%e8%b7%a1","status":"publish","type":"page","link":"http:\/\/sasaduka.com\/blog\/?page_id=8170","title":{"rendered":"\u3042\u306a\u305f\u306f\u5947\u8de1"},"content":{"rendered":"\n\n\n<figure class=\"wp-block-image size-large\"><a href=\"https:\/\/i0.wp.com\/sasaduka.com\/blog\/wp-content\/1c53006d2d253ea096b664e0f46e52af-1.jpg\"><img loading=\"lazy\" decoding=\"async\" width=\"640\" height=\"360\" data-attachment-id=\"8171\" data-permalink=\"http:\/\/sasaduka.com\/blog\/?attachment_id=8171\" data-orig-file=\"https:\/\/i0.wp.com\/sasaduka.com\/blog\/wp-content\/1c53006d2d253ea096b664e0f46e52af-1.jpg?fit=1280%2C720\" data-orig-size=\"1280,720\" data-comments-opened=\"1\" data-image-meta=\"{&quot;aperture&quot;:&quot;0&quot;,&quot;credit&quot;:&quot;&quot;,&quot;camera&quot;:&quot;&quot;,&quot;caption&quot;:&quot;&quot;,&quot;created_timestamp&quot;:&quot;0&quot;,&quot;copyright&quot;:&quot;&quot;,&quot;focal_length&quot;:&quot;0&quot;,&quot;iso&quot;:&quot;0&quot;,&quot;shutter_speed&quot;:&quot;0&quot;,&quot;title&quot;:&quot;&quot;,&quot;orientation&quot;:&quot;0&quot;}\" data-image-title=\"1c53006d2d253ea096b664e0f46e52af-1\" data-image-description=\"\" data-image-caption=\"\" data-medium-file=\"https:\/\/i0.wp.com\/sasaduka.com\/blog\/wp-content\/1c53006d2d253ea096b664e0f46e52af-1.jpg?fit=300%2C169\" data-large-file=\"https:\/\/i0.wp.com\/sasaduka.com\/blog\/wp-content\/1c53006d2d253ea096b664e0f46e52af-1.jpg?fit=640%2C360\" src=\"https:\/\/i0.wp.com\/sasaduka.com\/blog\/wp-content\/1c53006d2d253ea096b664e0f46e52af-1.jpg?resize=640%2C360\" alt=\"\" class=\"wp-image-8171\" srcset=\"https:\/\/i0.wp.com\/sasaduka.com\/blog\/wp-content\/1c53006d2d253ea096b664e0f46e52af-1.jpg?resize=1024%2C576 1024w, https:\/\/i0.wp.com\/sasaduka.com\/blog\/wp-content\/1c53006d2d253ea096b664e0f46e52af-1.jpg?resize=300%2C169 300w, https:\/\/i0.wp.com\/sasaduka.com\/blog\/wp-content\/1c53006d2d253ea096b664e0f46e52af-1.jpg?resize=768%2C432 768w, https:\/\/i0.wp.com\/sasaduka.com\/blog\/wp-content\/1c53006d2d253ea096b664e0f46e52af-1.jpg?w=1280 1280w\" sizes=\"(max-width: 640px) 100vw, 640px\" data-recalc-dims=\"1\" \/><\/a><\/figure>\n\n\n<h2><b>\u541b\u306f<\/b><b>\u5947\u8de1\u4e2d<\/b><b>\u306e<\/b><b>\u5947\u8de1<\/b><\/h2>\n<p><b>\u541b\u306f\u5947\u8de1\u4e2d\u306e\u5947\u8de1\u306e\u5b58\u5728\u3067\u3042\u308b<\/b><\/p>\n<p><b>\u7956\u5148\u306e\u6570\u306f \u3000<\/b><b>\u4e16\u754c\u4eba\u53e3<\/b><b>\u00d7<\/b><b>\u89aa\u306e\u6570\u306e\u4e8c\u4e57<\/b><b>\u306b\u3088\u3063\u3066 \u8a08\u7b97\u3067\u304d\u308b<\/b><\/p>\n<p><a href=\"https:\/\/i0.wp.com\/sasaduka.com\/blog\/wp-content\/2600c4d4d175144213283bf608325606.jpg\"><img loading=\"lazy\" decoding=\"async\" data-attachment-id=\"8172\" data-permalink=\"http:\/\/sasaduka.com\/blog\/?attachment_id=8172\" data-orig-file=\"https:\/\/i0.wp.com\/sasaduka.com\/blog\/wp-content\/2600c4d4d175144213283bf608325606.jpg?fit=1280%2C720\" data-orig-size=\"1280,720\" data-comments-opened=\"1\" data-image-meta=\"{&quot;aperture&quot;:&quot;0&quot;,&quot;credit&quot;:&quot;&quot;,&quot;camera&quot;:&quot;&quot;,&quot;caption&quot;:&quot;&quot;,&quot;created_timestamp&quot;:&quot;0&quot;,&quot;copyright&quot;:&quot;&quot;,&quot;focal_length&quot;:&quot;0&quot;,&quot;iso&quot;:&quot;0&quot;,&quot;shutter_speed&quot;:&quot;0&quot;,&quot;title&quot;:&quot;&quot;,&quot;orientation&quot;:&quot;0&quot;}\" data-image-title=\"\u5947\u8de1\uff12\" data-image-description=\"\" data-image-caption=\"\" data-medium-file=\"https:\/\/i0.wp.com\/sasaduka.com\/blog\/wp-content\/2600c4d4d175144213283bf608325606.jpg?fit=300%2C169\" data-large-file=\"https:\/\/i0.wp.com\/sasaduka.com\/blog\/wp-content\/2600c4d4d175144213283bf608325606.jpg?fit=640%2C360\" class=\"aligncenter size-full wp-image-8172\" src=\"https:\/\/i0.wp.com\/sasaduka.com\/blog\/wp-content\/2600c4d4d175144213283bf608325606.jpg?resize=640%2C360\" alt=\"\" width=\"640\" height=\"360\" srcset=\"https:\/\/i0.wp.com\/sasaduka.com\/blog\/wp-content\/2600c4d4d175144213283bf608325606.jpg?w=1280 1280w, https:\/\/i0.wp.com\/sasaduka.com\/blog\/wp-content\/2600c4d4d175144213283bf608325606.jpg?resize=300%2C169 300w, https:\/\/i0.wp.com\/sasaduka.com\/blog\/wp-content\/2600c4d4d175144213283bf608325606.jpg?resize=1024%2C576 1024w, https:\/\/i0.wp.com\/sasaduka.com\/blog\/wp-content\/2600c4d4d175144213283bf608325606.jpg?resize=768%2C432 768w\" sizes=\"(max-width: 640px) 100vw, 640px\" data-recalc-dims=\"1\" \/><\/a><\/p>\n<p>\uff25\uff1d\uff4d\uff43\u00b2<\/p>\n<p>\u30a8\u30cd\u30eb\u30ae\u30fc\uff1d\u8cea\u91cf\u00d7\u5149\u901f\u306e\uff12\u4e57<\/p>\n<p>\u30a2\u30a4\u30f3\u30b7\u30e5\u30bf\u30a4\u30f3\u304c\u7279\u6b8a\u76f8\u5bfe\u6027\u7406\u8ad6\u304b\u3089\u5c0e\u3044\u305f\u5f0f\u3067\u3042\u308a<\/p>\n<p>\u7269\u8cea\u304b\u3089\u30a8\u30cd\u30eb\u30ae\u30fc\u3092\u5f15\u304d\u3060\u305b\uff0c<\/p>\n<p>\u307e\u305f\u9006\u306b\uff0c\u30a8\u30cd\u30eb\u30ae\u30fc\u304b\u3089\u7269\u8cea\u3092\u751f\u307f\u3060\u3059\u3053\u3068\u304c\u3067\u304d\u308b<\/p>\n<p>\u3069\u3093\u306a\u306b\u5c0f\u3055\u306a\u7269\u8cea\u3001\u3069\u3093\u306a\u306b\u5c0f\u3055\u306a\u4eba\u3067\u3042\u3063\u3066\u3082<\/p>\n<p>\u7121\u9650\u5927\u306e\u30a8\u30cd\u30eb\u30ae\u30fc\u3001\u6e2c\u308a\u77e5\u308c\u306a\u3044\u500b\u4eba\u306e\u529b\u304c\u5728\u308b<\/p>\n<p>\u3068\u3044\u3046\u610f\u5473\u3067\u3082\u3042\u308b<\/p>\n<p><a href=\"https:\/\/i0.wp.com\/sasaduka.com\/blog\/wp-content\/8dcb9186aa5c9df48a184561147fd793.jpg\"><img loading=\"lazy\" decoding=\"async\" data-attachment-id=\"8173\" data-permalink=\"http:\/\/sasaduka.com\/blog\/?attachment_id=8173\" data-orig-file=\"https:\/\/i0.wp.com\/sasaduka.com\/blog\/wp-content\/8dcb9186aa5c9df48a184561147fd793.jpg?fit=1280%2C720\" data-orig-size=\"1280,720\" data-comments-opened=\"1\" data-image-meta=\"{&quot;aperture&quot;:&quot;0&quot;,&quot;credit&quot;:&quot;&quot;,&quot;camera&quot;:&quot;&quot;,&quot;caption&quot;:&quot;&quot;,&quot;created_timestamp&quot;:&quot;0&quot;,&quot;copyright&quot;:&quot;&quot;,&quot;focal_length&quot;:&quot;0&quot;,&quot;iso&quot;:&quot;0&quot;,&quot;shutter_speed&quot;:&quot;0&quot;,&quot;title&quot;:&quot;&quot;,&quot;orientation&quot;:&quot;0&quot;}\" data-image-title=\"\u5947\u8de1\uff13\" data-image-description=\"\" data-image-caption=\"\" data-medium-file=\"https:\/\/i0.wp.com\/sasaduka.com\/blog\/wp-content\/8dcb9186aa5c9df48a184561147fd793.jpg?fit=300%2C169\" data-large-file=\"https:\/\/i0.wp.com\/sasaduka.com\/blog\/wp-content\/8dcb9186aa5c9df48a184561147fd793.jpg?fit=640%2C360\" class=\"aligncenter size-full wp-image-8173\" src=\"https:\/\/i0.wp.com\/sasaduka.com\/blog\/wp-content\/8dcb9186aa5c9df48a184561147fd793.jpg?resize=640%2C360\" alt=\"\" width=\"640\" height=\"360\" srcset=\"https:\/\/i0.wp.com\/sasaduka.com\/blog\/wp-content\/8dcb9186aa5c9df48a184561147fd793.jpg?w=1280 1280w, https:\/\/i0.wp.com\/sasaduka.com\/blog\/wp-content\/8dcb9186aa5c9df48a184561147fd793.jpg?resize=300%2C169 300w, https:\/\/i0.wp.com\/sasaduka.com\/blog\/wp-content\/8dcb9186aa5c9df48a184561147fd793.jpg?resize=1024%2C576 1024w, https:\/\/i0.wp.com\/sasaduka.com\/blog\/wp-content\/8dcb9186aa5c9df48a184561147fd793.jpg?resize=768%2C432 768w\" sizes=\"(max-width: 640px) 100vw, 640px\" data-recalc-dims=\"1\" \/><\/a><\/p>\n<p>\u7956\u5148\u306e\u6570<\/p>\n<ul>\n<li>\u8cb4\u65b9\u304c\u751f\u307e\u308c\u308b\u306b\u306f<br>\u7236\u6bcd\u306e\uff12\u4eba\u304c<br>\u7236\u6bcd\u306e\u7956\u7236\u6bcd4\u4eba<br>\u66fe\u7956\u7236\u6bcd\uff18\u4eba\u3082<br>\u3055\u3089\u306b\u524d\u4ee3\u306f\u89aa\u306e\uff12\u4e57<br>\u306e\u7956\u5148\u6570\u304c\u5fc5\u8981\u3067\u3042\u308b<\/li>\n<li>2022\u5e74\u306e\u4e16\u754c\u4eba\u53e3\u306f80\u5104\u4eba<br>\u305d\u306e\u5148\u7956\u3092\u6570\u3048\u308b\u3068<\/li>\n<\/ul>\n<p><b>\u7956\u5148\u6570\uff1d\u4e16\u754c\u4eba\u53e3<\/b><b>\u00d7<\/b><b>\u89aa\u6570\u306e2\u4e57<\/b><\/p>\n<p><a href=\"https:\/\/i0.wp.com\/sasaduka.com\/blog\/wp-content\/9d188a9061d96d642ec193f8ea93fe09-1.jpg\"><img loading=\"lazy\" decoding=\"async\" data-attachment-id=\"8181\" data-permalink=\"http:\/\/sasaduka.com\/blog\/?attachment_id=8181\" data-orig-file=\"https:\/\/i0.wp.com\/sasaduka.com\/blog\/wp-content\/9d188a9061d96d642ec193f8ea93fe09-1.jpg?fit=1280%2C720\" data-orig-size=\"1280,720\" data-comments-opened=\"1\" data-image-meta=\"{&quot;aperture&quot;:&quot;0&quot;,&quot;credit&quot;:&quot;&quot;,&quot;camera&quot;:&quot;&quot;,&quot;caption&quot;:&quot;&quot;,&quot;created_timestamp&quot;:&quot;0&quot;,&quot;copyright&quot;:&quot;&quot;,&quot;focal_length&quot;:&quot;0&quot;,&quot;iso&quot;:&quot;0&quot;,&quot;shutter_speed&quot;:&quot;0&quot;,&quot;title&quot;:&quot;&quot;,&quot;orientation&quot;:&quot;0&quot;}\" data-image-title=\"\u5947\u8de14\" data-image-description=\"\" data-image-caption=\"\" data-medium-file=\"https:\/\/i0.wp.com\/sasaduka.com\/blog\/wp-content\/9d188a9061d96d642ec193f8ea93fe09-1.jpg?fit=300%2C169\" data-large-file=\"https:\/\/i0.wp.com\/sasaduka.com\/blog\/wp-content\/9d188a9061d96d642ec193f8ea93fe09-1.jpg?fit=640%2C360\" class=\"aligncenter size-full wp-image-8181\" src=\"https:\/\/i0.wp.com\/sasaduka.com\/blog\/wp-content\/9d188a9061d96d642ec193f8ea93fe09-1.jpg?resize=640%2C360\" alt=\"\" width=\"640\" height=\"360\" srcset=\"https:\/\/i0.wp.com\/sasaduka.com\/blog\/wp-content\/9d188a9061d96d642ec193f8ea93fe09-1.jpg?w=1280 1280w, https:\/\/i0.wp.com\/sasaduka.com\/blog\/wp-content\/9d188a9061d96d642ec193f8ea93fe09-1.jpg?resize=300%2C169 300w, https:\/\/i0.wp.com\/sasaduka.com\/blog\/wp-content\/9d188a9061d96d642ec193f8ea93fe09-1.jpg?resize=1024%2C576 1024w, https:\/\/i0.wp.com\/sasaduka.com\/blog\/wp-content\/9d188a9061d96d642ec193f8ea93fe09-1.jpg?resize=768%2C432 768w\" sizes=\"(max-width: 640px) 100vw, 640px\" data-recalc-dims=\"1\" \/><\/a><\/p>\n<p><b>\u73fe\u4ee3\u4eba\u306e\u7956\u5148\u6570<\/b><\/p>\n<ul>\n<li>33\u4ee3\u524d\u306e\u5148\u7956\u6570\u306f85\u5104\uff18\uff19\uff19\uff13\u4e07\uff14\uff15\uff19\uff12\u4eba<br>\u5b50\u3092\u7523\u3080\u5e73\u5747\u5e74\u9f62\u306f\u7d0430\u6b73\u3068\u3057\u3066\u3082<br>\uff133\u4ee3\u524d\u306f\uff13\uff13\u00d7\uff13\uff10\uff1d\uff19\uff19\uff10\u5e74\u524d<br>\u306e\u897f\u66a61032\u5e74\u3067\u3042\u308b<\/li>\n<\/ul>\n<p><b>\u7956\u5148\u6570\uff1d\u4e16\u754c\u4eba\u53e3<\/b><b>\u00d7<\/b><b>\u89aa\u6570\u306e2\u4e57<\/b><\/p>\n<ul>\n<li>33\u4ee3\u524d\u897f\u66a61000\u5e74\u306e\u7956\u5148\u6570\u306f<br>\u73fe\u4e16\u754c\u4eba\u53e380\u5104\u00d7\u500b\u4eba\u306e\u7956\u5148\u6570\uff18\uff16\u5104\u306e2\u4e57<\/li>\n<li>80\u5104\u00d786\u5104\u306e2\u4e57\uff1d80\u00d710\u306e8\u4e57\u00d786\u00d786\u00d710\u306e16\u4e57<br>\uff1d591680\u00d710\u306e24\u4e57=59.1680\u00d710\u306e28\u4e57<\/li>\n<li>\uff1d59\u7a63\uff08\u3058\u3087\u3046\uff091680\u79ed(\u3057\uff09\u4eba<\/li>\n<\/ul>\n<p><a href=\"https:\/\/i0.wp.com\/sasaduka.com\/blog\/wp-content\/a1f206aefa16f8d01da98d09fabc1d4d.jpg\"><img loading=\"lazy\" decoding=\"async\" data-attachment-id=\"8175\" data-permalink=\"http:\/\/sasaduka.com\/blog\/?attachment_id=8175\" data-orig-file=\"https:\/\/i0.wp.com\/sasaduka.com\/blog\/wp-content\/a1f206aefa16f8d01da98d09fabc1d4d.jpg?fit=1280%2C720\" data-orig-size=\"1280,720\" data-comments-opened=\"1\" data-image-meta=\"{&quot;aperture&quot;:&quot;0&quot;,&quot;credit&quot;:&quot;&quot;,&quot;camera&quot;:&quot;&quot;,&quot;caption&quot;:&quot;&quot;,&quot;created_timestamp&quot;:&quot;0&quot;,&quot;copyright&quot;:&quot;&quot;,&quot;focal_length&quot;:&quot;0&quot;,&quot;iso&quot;:&quot;0&quot;,&quot;shutter_speed&quot;:&quot;0&quot;,&quot;title&quot;:&quot;&quot;,&quot;orientation&quot;:&quot;0&quot;}\" data-image-title=\"\u5947\u8de1\uff15\" data-image-description=\"\" data-image-caption=\"\" data-medium-file=\"https:\/\/i0.wp.com\/sasaduka.com\/blog\/wp-content\/a1f206aefa16f8d01da98d09fabc1d4d.jpg?fit=300%2C169\" data-large-file=\"https:\/\/i0.wp.com\/sasaduka.com\/blog\/wp-content\/a1f206aefa16f8d01da98d09fabc1d4d.jpg?fit=640%2C360\" class=\"aligncenter size-full wp-image-8175\" src=\"https:\/\/i0.wp.com\/sasaduka.com\/blog\/wp-content\/a1f206aefa16f8d01da98d09fabc1d4d.jpg?resize=640%2C360\" alt=\"\" width=\"640\" height=\"360\" srcset=\"https:\/\/i0.wp.com\/sasaduka.com\/blog\/wp-content\/a1f206aefa16f8d01da98d09fabc1d4d.jpg?w=1280 1280w, https:\/\/i0.wp.com\/sasaduka.com\/blog\/wp-content\/a1f206aefa16f8d01da98d09fabc1d4d.jpg?resize=300%2C169 300w, https:\/\/i0.wp.com\/sasaduka.com\/blog\/wp-content\/a1f206aefa16f8d01da98d09fabc1d4d.jpg?resize=1024%2C576 1024w, https:\/\/i0.wp.com\/sasaduka.com\/blog\/wp-content\/a1f206aefa16f8d01da98d09fabc1d4d.jpg?resize=768%2C432 768w\" sizes=\"(max-width: 640px) 100vw, 640px\" data-recalc-dims=\"1\" \/><\/a><\/p>\n<h2><b>\u307f\u306a\u540c\u3058\u7956\u5148\uff1f\uff01<\/b><\/h2>\n<ul>\n<li>\u733f\u30fb\u985e\u4eba\u733f\u30fb\u4eba\u985e<br>\u30cd\u30a2\u30f3\u30c7\u30eb\u30bf\u30fc\u30eb\u4eba<br>\u30af\u30ed\u30de\u30cb\u30e7\u30f3\u4eba<br>\u306e\u7956\u5148\u304c\u751f\u304d\u3066\u3044\u305f\u304b\u3089\u3053\u305d<\/li>\n<li>\u4eca\u306e\u547d\u304c\u6388\u3051\u3089\u308c\u305f<\/li>\n<li>\u307e\u3055\u306b\u5947\u8de1\u4e2d\u306e\u5947\u8de1\u306e<br>\u8cb4\u65b9\u306e\u51fa\u73fe\u3067\u3042\u308b<\/li>\n<\/ul>\n<h2><b>\u307e\u305f\u307f\u306a<\/b><b>\u540c\u3058\u5b50\u5b6b\uff01\uff1f<\/b><\/h2>\n\n\n<p><span class=\"embed-youtube\" style=\"text-align:center; display: block;\"><iframe loading=\"lazy\" class=\"youtube-player\" width=\"640\" height=\"360\" src=\"https:\/\/www.youtube.com\/embed\/v-3mVMdnU9k?version=3&#038;rel=1&#038;showsearch=0&#038;showinfo=1&#038;iv_load_policy=1&#038;fs=1&#038;hl=ja&#038;autohide=2&#038;wmode=transparent\" allowfullscreen=\"true\" style=\"border:0;\" sandbox=\"allow-scripts allow-same-origin allow-popups allow-presentation allow-popups-to-escape-sandbox\"><\/iframe><\/span><\/p>\n","protected":false},"excerpt":{"rendered":"<p>\u541b\u306f\u5947\u8de1\u4e2d\u306e\u5947\u8de1 \u541b\u306f\u5947\u8de1\u4e2d\u306e\u5947\u8de1\u306e\u5b58\u5728\u3067\u3042\u308b \u7956\u5148\u306e\u6570\u306f \u3000\u4e16\u754c\u4eba\u53e3\u00d7\u89aa\u306e\u6570\u306e\u4e8c\u4e57\u306b\u3088\u3063\u3066 \u8a08\u7b97\u3067\u304d\u308b \uff25\uff1d\uff4d\uff43\u00b2 \u30a8\u30cd\u30eb\u30ae\u30fc\uff1d\u8cea\u91cf\u00d7\u5149\u901f\u306e\uff12\u4e57 \u30a2\u30a4\u30f3\u30b7\u30e5\u30bf\u30a4\u30f3\u304c\u7279\u6b8a\u76f8\u5bfe\u6027\u7406\u8ad6\u304b\u3089\u5c0e\u3044\u305f\u5f0f\u3067\u3042\u308a \u7269\u8cea\u304b\u3089\u30a8\u30cd\u30eb\u30ae\u30fc\u3092 &hellip; <a href=\"http:\/\/sasaduka.com\/blog\/?page_id=8170\">\u7d9a\u304d\u3092\u8aad\u3080 <span class=\"meta-nav\">&rarr;<\/span><\/a><\/p>\n","protected":false},"author":1,"featured_media":0,"parent":0,"menu_order":0,"comment_status":"closed","ping_status":"closed","template":"","meta":{"jetpack_post_was_ever_published":false,"footnotes":""},"jetpack_sharing_enabled":true,"jetpack_shortlink":"https:\/\/wp.me\/P7frog-27M","jetpack-related-posts":[{"id":8128,"url":"http:\/\/sasaduka.com\/blog\/?page_id=8128","url_meta":{"origin":8170,"position":0},"title":"\u5947\u8de1\u3092\u5275\u308b","author":"admin","date":"2022 \u5e74 10 \u6708 8 \u65e5","format":false,"excerpt":"\u751f\u307e\u308c\u308b\u3053\u3068\u306f\u6642\u7a7a\u9593\u306b\u304a\u3051\u308b\u65b0\u661f\u8a95\u751f\u3068\u540c\u3058\u304f\u3001\u305d\u306e\u81ea\u6211\u306f\u5947\u8de1\u3067\u3042\u308b\u3002 \u305d\u306e\u4eba\u306e\u4eca\u65e5\u4e00\u65e5\u3082\u307e\u305f\u5947\u8de1\u7684\u306a\u2026","rel":"","context":"\u985e\u4f3c\u6295\u7a3f","block_context":{"text":"\u985e\u4f3c\u6295\u7a3f","link":""},"img":{"alt_text":"","src":"https:\/\/i0.wp.com\/sasaduka.com\/blog\/wp-content\/ca749560a3877088ec7732215848ab88.jpg?resize=350%2C200","width":350,"height":200,"srcset":"https:\/\/i0.wp.com\/sasaduka.com\/blog\/wp-content\/ca749560a3877088ec7732215848ab88.jpg?resize=350%2C200 1x, https:\/\/i0.wp.com\/sasaduka.com\/blog\/wp-content\/ca749560a3877088ec7732215848ab88.jpg?resize=525%2C300 1.5x, https:\/\/i0.wp.com\/sasaduka.com\/blog\/wp-content\/ca749560a3877088ec7732215848ab88.jpg?resize=700%2C400 2x, https:\/\/i0.wp.com\/sasaduka.com\/blog\/wp-content\/ca749560a3877088ec7732215848ab88.jpg?resize=1050%2C600 3x"},"classes":[]},{"id":8090,"url":"http:\/\/sasaduka.com\/blog\/?page_id=8090","url_meta":{"origin":8170,"position":1},"title":"\u30bf\u30a4\u30e0\u30c8\u30e9\u30d9\u30eb","author":"admin","date":"2022 \u5e74 9 \u6708 28 \u65e5","format":false,"excerpt":"\u6642\u9593\u304c\u4e00\u76f4\u7dda\u306b\u7121\u9650\u306b\u9032\u3093\u3067\u3044\u304f\u3068\u3044\u3046\u5e38\u8b58\u306f\u672c\u5f53\u3060\u308d\u3046\u304b\uff1f \u4eba\u306f\u60f3\u50cf\u3057\u3066\u30bf\u30a4\u30e0\u30c8\u30e9\u30d9\u30eb\u304c\u3067\u304d\u308b\u3002 \u305d\u308c\u2026","rel":"","context":"\u985e\u4f3c\u6295\u7a3f","block_context":{"text":"\u985e\u4f3c\u6295\u7a3f","link":""},"img":{"alt_text":"","src":"https:\/\/i0.wp.com\/sasaduka.com\/blog\/wp-content\/timeT1.jpg?resize=350%2C200","width":350,"height":200,"srcset":"https:\/\/i0.wp.com\/sasaduka.com\/blog\/wp-content\/timeT1.jpg?resize=350%2C200 1x, https:\/\/i0.wp.com\/sasaduka.com\/blog\/wp-content\/timeT1.jpg?resize=525%2C300 1.5x, https:\/\/i0.wp.com\/sasaduka.com\/blog\/wp-content\/timeT1.jpg?resize=700%2C400 2x, https:\/\/i0.wp.com\/sasaduka.com\/blog\/wp-content\/timeT1.jpg?resize=1050%2C600 3x"},"classes":[]},{"id":8087,"url":"http:\/\/sasaduka.com\/blog\/?page_id=8087","url_meta":{"origin":8170,"position":2},"title":"\u771f\u5b9f\u4e0d\u609f","author":"admin","date":"2022 \u5e74 9 \u6708 28 \u65e5","format":false,"excerpt":"\u771f\u5b9f\u4e0d\u609f \u795e\u4ecf\u3092\u4fe1\u3058\u308c\u3070\u6551\u308f\u308c\u305a\u3001\u81ea\u7531\u3082\u81ea\u4fe1\u3082\u5931\u3046 \u601d\u7d22\u306e\u65c5\u306e\u59cb\u307e\u308a\u3068\u7d42\u308f\u308a \u7d42\u59cb\u70b9\u306e\u6c7a\u5b9a\uff08\u8a2d\u5b9a\uff09\u304b\u2026","rel":"","context":"\u985e\u4f3c\u6295\u7a3f","block_context":{"text":"\u985e\u4f3c\u6295\u7a3f","link":""},"img":{"alt_text":"","src":"https:\/\/i0.wp.com\/sasaduka.com\/blog\/wp-content\/sinjitu1.jpg?resize=350%2C200","width":350,"height":200,"srcset":"https:\/\/i0.wp.com\/sasaduka.com\/blog\/wp-content\/sinjitu1.jpg?resize=350%2C200 1x, https:\/\/i0.wp.com\/sasaduka.com\/blog\/wp-content\/sinjitu1.jpg?resize=525%2C300 1.5x, https:\/\/i0.wp.com\/sasaduka.com\/blog\/wp-content\/sinjitu1.jpg?resize=700%2C400 2x, https:\/\/i0.wp.com\/sasaduka.com\/blog\/wp-content\/sinjitu1.jpg?resize=1050%2C600 3x"},"classes":[]},{"id":8046,"url":"http:\/\/sasaduka.com\/blog\/?page_id=8046","url_meta":{"origin":8170,"position":3},"title":"\u4f9d\u5b58\u75c7\u304b\u3089\u306e\u8131\u5374","author":"admin","date":"2022 \u5e74 9 \u6708 28 \u65e5","format":false,"excerpt":"\u4f9d\u5b58\u75c7\u3068\u306f\u4ed6\uff08\u4eba\u3084\u30e2\u30ce\uff09\u306b100\uff05\u8fd1\u304f\u4f9d\u5b58\u3057\u3001\u8cac\u4efb\u8ee2\u5ac1\u3055\u305b\u3066\u3057\u307e\u3046\u81ea\u5206\u306e\u601d\u3044\u8fbc\u307f\u3001\u307e\u305f\u81ea\u5206\u3092\u4ed6\u306b\u670d\u5f93\u2026","rel":"","context":"\u985e\u4f3c\u6295\u7a3f","block_context":{"text":"\u985e\u4f3c\u6295\u7a3f","link":""},"img":{"alt_text":"","src":"https:\/\/i0.wp.com\/sasaduka.com\/blog\/wp-content\/81b9cfbcf0a9c598e37c3ca8f0e44e81.jpg?resize=350%2C200","width":350,"height":200,"srcset":"https:\/\/i0.wp.com\/sasaduka.com\/blog\/wp-content\/81b9cfbcf0a9c598e37c3ca8f0e44e81.jpg?resize=350%2C200 1x, https:\/\/i0.wp.com\/sasaduka.com\/blog\/wp-content\/81b9cfbcf0a9c598e37c3ca8f0e44e81.jpg?resize=525%2C300 1.5x, https:\/\/i0.wp.com\/sasaduka.com\/blog\/wp-content\/81b9cfbcf0a9c598e37c3ca8f0e44e81.jpg?resize=700%2C400 2x, https:\/\/i0.wp.com\/sasaduka.com\/blog\/wp-content\/81b9cfbcf0a9c598e37c3ca8f0e44e81.jpg?resize=1050%2C600 3x"},"classes":[]},{"id":8040,"url":"http:\/\/sasaduka.com\/blog\/?page_id=8040","url_meta":{"origin":8170,"position":4},"title":"\u4eca\u65e5\u4e00\u65e5\u751f\u304d\u3066\u30fb\u30fb","author":"admin","date":"2022 \u5e74 9 \u6708 28 \u65e5","format":false,"excerpt":"\u00a0 \u6628\u65e5\u3092\u6094\u307f\u3001\u660e\u65e5\u3092\u6182\u3048\u3066 \u4f55\u306e\u5f97\u304c\u3042\u308d\u3046\u304b\uff1f \u4eca\u65e5\u4e00\u65e5\u7cbe\u4e00\u676f \u751f\u304d\u3066 \u697d\u3057\u3082\u3046\u3067\u306f\u306a\u3044\u304b\uff1f\uff01 \u00a0\u2026","rel":"","context":"\u985e\u4f3c\u6295\u7a3f","block_context":{"text":"\u985e\u4f3c\u6295\u7a3f","link":""},"img":{"alt_text":"","src":"https:\/\/i0.wp.com\/sasaduka.com\/blog\/wp-content\/now1.jpg?resize=350%2C200","width":350,"height":200,"srcset":"https:\/\/i0.wp.com\/sasaduka.com\/blog\/wp-content\/now1.jpg?resize=350%2C200 1x, https:\/\/i0.wp.com\/sasaduka.com\/blog\/wp-content\/now1.jpg?resize=525%2C300 1.5x, https:\/\/i0.wp.com\/sasaduka.com\/blog\/wp-content\/now1.jpg?resize=700%2C400 2x, https:\/\/i0.wp.com\/sasaduka.com\/blog\/wp-content\/now1.jpg?resize=1050%2C600 3x"},"classes":[]},{"id":8094,"url":"http:\/\/sasaduka.com\/blog\/?page_id=8094","url_meta":{"origin":8170,"position":5},"title":"\u611b\u3068\u81ea\u7531","author":"admin","date":"2022 \u5e74 9 \u6708 28 \u65e5","format":false,"excerpt":"\u611b\u3068\u81ea\u7531 \u8eab\u4f53\u306e\u5065\u5eb7\u3001\u5fc3\u306e\u5e73\u548c\u3001\u610f\u8b58\u306e\u81ea\u7531\u3092\u4eba\u9593\u306f \u307f\u306a\u6c42\u3081\u3066\u3044\u308b\u306e\u306f\u78ba\u304b\u3067\u3042\u308b\u3002 \u305d\u3093\u306a\u4eba\u305f\u3061\u304c\u51fa\u2026","rel":"","context":"\u985e\u4f3c\u6295\u7a3f","block_context":{"text":"\u985e\u4f3c\u6295\u7a3f","link":""},"img":{"alt_text":"","src":"https:\/\/i0.wp.com\/sasaduka.com\/blog\/wp-content\/3fe25df23884cb95ac74a353f3f2611c.jpg?resize=350%2C200","width":350,"height":200,"srcset":"https:\/\/i0.wp.com\/sasaduka.com\/blog\/wp-content\/3fe25df23884cb95ac74a353f3f2611c.jpg?resize=350%2C200 1x, https:\/\/i0.wp.com\/sasaduka.com\/blog\/wp-content\/3fe25df23884cb95ac74a353f3f2611c.jpg?resize=525%2C300 1.5x, https:\/\/i0.wp.com\/sasaduka.com\/blog\/wp-content\/3fe25df23884cb95ac74a353f3f2611c.jpg?resize=700%2C400 2x, https:\/\/i0.wp.com\/sasaduka.com\/blog\/wp-content\/3fe25df23884cb95ac74a353f3f2611c.jpg?resize=1050%2C600 3x"},"classes":[]}],"_links":{"self":[{"href":"http:\/\/sasaduka.com\/blog\/index.php?rest_route=\/wp\/v2\/pages\/8170"}],"collection":[{"href":"http:\/\/sasaduka.com\/blog\/index.php?rest_route=\/wp\/v2\/pages"}],"about":[{"href":"http:\/\/sasaduka.com\/blog\/index.php?rest_route=\/wp\/v2\/types\/page"}],"author":[{"embeddable":true,"href":"http:\/\/sasaduka.com\/blog\/index.php?rest_route=\/wp\/v2\/users\/1"}],"replies":[{"embeddable":true,"href":"http:\/\/sasaduka.com\/blog\/index.php?rest_route=%2Fwp%2Fv2%2Fcomments&post=8170"}],"version-history":[{"count":5,"href":"http:\/\/sasaduka.com\/blog\/index.php?rest_route=\/wp\/v2\/pages\/8170\/revisions"}],"predecessor-version":[{"id":8183,"href":"http:\/\/sasaduka.com\/blog\/index.php?rest_route=\/wp\/v2\/pages\/8170\/revisions\/8183"}],"wp:attachment":[{"href":"http:\/\/sasaduka.com\/blog\/index.php?rest_route=%2Fwp%2Fv2%2Fmedia&parent=8170"}],"curies":[{"name":"wp","href":"https:\/\/api.w.org\/{rel}","templated":true}]}}